{"id":11,"date":"2016-01-08T22:23:33","date_gmt":"2016-01-08T21:23:33","guid":{"rendered":"http:\/\/www.komm-weingarten.de\/wp\/?page_id=11"},"modified":"2018-06-04T19:22:23","modified_gmt":"2018-06-04T17:22:23","slug":"impressum","status":"publish","type":"page","link":"http:\/\/www.komm-weingarten.de\/wp\/impressum\/","title":{"rendered":"Impressum"},"content":{"rendered":"<p>Kulturzentrum Linse e.V.<br \/>\nLiebfrauenstr. 58<br \/>\n88250 Weingarten<\/p>\n<p>&nbsp;<\/p>\n<p>Telefon: +49 751 51199<br \/>\nTelefax: +49 751 51197<\/p>\n<p>&nbsp;<\/p>\n<p>Vertretungsberechtigter Vorstand:<br \/>\n(Adresse s. oben)<br \/>\n\u2013 Dannika Rominger<br \/>\n\u2013 Helmut Riester<br \/>\n\u2013 Joachim Kunstmann<\/p>\n<p>&nbsp;<\/p>\n<p>Registergericht: Ravensburg<\/p>\n<p>&nbsp;<\/p>\n<p>Registernummer: VR 545<\/p>\n<p>&nbsp;<\/p>\n<p>Umsatzsteuer-Identifikationsnummer gem\u00e4\u00df \u00a7\u00a027\u00a0a\u00a0Umsatzsteuergesetz:<br \/>\nDE 146372840<\/p>\n<p>&nbsp;<\/p>\n<p>Haftungshinweis: Trotz sorgf\u00e4ltiger inhaltlicher Kontrolle \u00fcbernehmen wir keine Haftung f\u00fcr die Inhalte externer Links. F\u00fcr den Inhalt der verlinkten Seiten sind ausschlie\u00dflich deren Betreiber verantwortlich.<\/p>\n","protected":false},"excerpt":{"rendered":"<p>Kulturzentrum Linse e.V. Liebfrauenstr. 58 88250 Weingarten &nbsp; Telefon: +49 751 51199 Telefax: +49 751 51197 &nbsp; Vertretungsberechtigter Vorstand: (Adresse s. oben) \u2013 Dannika Rominger \u2013 Helmut Riester \u2013 Joachim Kunstmann &nbsp; Registergericht: Ravensburg &nbsp; Registernummer: VR 545 &nbsp; Umsatzsteuer-Identifikationsnummer gem\u00e4\u00df \u00a7\u00a027\u00a0a\u00a0Umsatzsteuergesetz: DE 146372840 &nbsp; Haftungshinweis: Trotz sorgf\u00e4ltiger inhaltlicher Kontrolle \u00fcbernehmen wir keine Haftung f\u00fcr &hellip; <a href=\"http:\/\/www.komm-weingarten.de\/wp\/impressum\/\" class=\"more-link\"><span class=\"screen-reader-text\">Impressum<\/span> weiterlesen <span class=\"meta-nav\">&rarr;<\/span><\/a><\/p>\n","protected":false},"author":1,"featured_media":0,"parent":0,"menu_order":0,"comment_status":"closed","ping_status":"closed","template":"","meta":{"footnotes":""},"class_list":["post-11","page","type-page","status-publish","hentry"],"_links":{"self":[{"href":"http:\/\/www.komm-weingarten.de\/wp\/wp-json\/wp\/v2\/pages\/11","targetHints":{"allow":["GET"]}}],"collection":[{"href":"http:\/\/www.komm-weingarten.de\/wp\/wp-json\/wp\/v2\/pages"}],"about":[{"href":"http:\/\/www.komm-weingarten.de\/wp\/wp-json\/wp\/v2\/types\/page"}],"author":[{"embeddable":true,"href":"http:\/\/www.komm-weingarten.de\/wp\/wp-json\/wp\/v2\/users\/1"}],"replies":[{"embeddable":true,"href":"http:\/\/www.komm-weingarten.de\/wp\/wp-json\/wp\/v2\/comments?post=11"}],"version-history":[{"count":3,"href":"http:\/\/www.komm-weingarten.de\/wp\/wp-json\/wp\/v2\/pages\/11\/revisions"}],"predecessor-version":[{"id":128,"href":"http:\/\/www.komm-weingarten.de\/wp\/wp-json\/wp\/v2\/pages\/11\/revisions\/128"}],"wp:attachment":[{"href":"http:\/\/www.komm-weingarten.de\/wp\/wp-json\/wp\/v2\/media?parent=11"}],"curies":[{"name":"wp","href":"https:\/\/api.w.org\/{rel}","templated":true}]}}